{"id":28,"date":"2022-08-23T15:34:55","date_gmt":"2022-08-23T13:34:55","guid":{"rendered":"https:\/\/www.evakovarova.cz\/?page_id=28"},"modified":"2022-09-01T19:40:58","modified_gmt":"2022-09-01T17:40:58","slug":"akce-2022","status":"publish","type":"page","link":"https:\/\/www.evakovarova.cz\/?page_id=28","title":{"rendered":"Akce 2022"},"content":{"rendered":"\n<p><strong><mark style=\"background-color:rgba(0, 0, 0, 0);color:#c3a004\" class=\"has-inline-color\">ONLINE<\/mark><\/strong><\/p>\n\n\n\n<p><strong>22. 9. <\/strong>                 <strong><a href=\"https:\/\/www.evakovarova.cz\/?page_id=157\" data-type=\"URL\" data-id=\"https:\/\/www.evakovarova.cz\/?page_id=157\">AJURV\u00c9DSK\u00dd KRUH<\/a><\/strong> strava i emoce        18:30 &#8211; 20:30<\/p>\n\n\n\n<p><strong>22.9. &#8211; 15.12.<\/strong>      <a href=\"https:\/\/www.evakovarova.cz\/?page_id=157\" data-type=\"URL\" data-id=\"https:\/\/www.evakovarova.cz\/?page_id=157\"> <strong>AJURV\u00c9DSK\u00dd KRUH<\/strong><\/a><strong> <\/strong>strava i emoce        <mark style=\"background-color:rgba(0, 0, 0, 0)\" class=\"has-inline-color has-primary-color\">18:30 &#8211; 20:30<\/mark><\/p>\n\n\n\n<p><strong>13.9. &#8211; 13.12.<\/strong>       <strong><a href=\"https:\/\/www.evakovarova.cz\/?page_id=39\" data-type=\"URL\" data-id=\"https:\/\/www.evakovarova.cz\/?page_id=39\">J\u00d3GOV\u00c1 TERAPIE a meditace<\/a><\/strong><mark style=\"background-color:rgba(0, 0, 0, 0)\" class=\"has-inline-color has-accent-color\"><a href=\"https:\/\/www.evakovarova.cz\/?page_id=39\" data-type=\"URL\" data-id=\"https:\/\/www.evakovarova.cz\/?page_id=39\"> <\/a>              <\/mark>   10:00 &#8211; 11:15<\/p>\n\n\n\n<hr class=\"wp-block-separator has-alpha-channel-opacity is-style-wide\"\/>\n\n\n\n<p><mark style=\"background-color:rgba(0, 0, 0, 0);color:#b6910c\" class=\"has-inline-color\"><strong>OSOBN\u00cd SETK\u00c1N\u00cd<\/strong> <\/mark><\/p>\n\n\n\n<p>pravideln\u00e9 lekce j\u00f3gy v YOGA FREAKS Brno<\/p>\n\n\n\n<p>6.9.- 20.12.    19:00 &#8211; 20:15   J\u00d3GA FLOW TERAPIE &#8211; <a href=\"https:\/\/yogafreaks.isportsystem.cz\/\" data-type=\"URL\" data-id=\"https:\/\/yogafreaks.isportsystem.cz\/\">\u00faterky<\/a><\/p>\n\n\n\n<p>1.9. &#8211; 15.12.   10:00 &#8211; 11:15   <mark style=\"background-color:rgba(0, 0, 0, 0)\" class=\"has-inline-color has-accent-color\">J\u00d3GOV\u00c1 TERAPIE <\/mark>&#8211; <a href=\"https:\/\/yogafreaks.isportsystem.cz\/\" data-type=\"URL\" data-id=\"https:\/\/yogafreaks.isportsystem.cz\/\">\u010dtvrtky<\/a><\/p>\n\n\n\n<hr class=\"wp-block-separator has-alpha-channel-opacity is-style-wide\"\/>\n\n\n\n<p><mark style=\"background-color:rgba(0, 0, 0, 0)\" class=\"has-inline-color has-black-color\">semin\u00e1\u0159e <\/mark>YOGA FREAKS Brno<\/p>\n\n\n\n<p>14.9. <mark style=\"background-color:rgba(0, 0, 0, 0)\" class=\"has-inline-color has-black-color\"><a href=\"https:\/\/www.yogafreaks.cz\/kurzy-a-workshopy\/\" data-type=\"URL\" data-id=\"https:\/\/www.yogafreaks.cz\/kurzy-a-workshopy\/\">J\u00d3GOV\u00c1 TERAPIE<\/a> &#8211; pro kr\u010dn\u00ed p\u00e1te\u0159 <\/mark>\u2013 19 \u2013 21:15<\/p>\n\n\n\n<p>5.10. <a href=\"https:\/\/www.evakovarova.cz\/?page_id=371\" data-type=\"URL\" data-id=\"https:\/\/www.evakovarova.cz\/?page_id=371\">HLAS 1. \u010cAKRY<\/a> &#8211; zvuk uzemn\u011bn\u00ed a bezpe\u010d\u00ed 19 \u2013 21:30<\/p>\n\n\n\n<p>26.10. <a href=\"https:\/\/www.evakovarova.cz\/?page_id=371\" data-type=\"URL\" data-id=\"https:\/\/www.evakovarova.cz\/?page_id=371\">HLAS 2.\u010cAKRY I<\/a> &#8211;  zvuk emoc\u00ed, bolesti a pot\u011b\u0161en\u00ed 19 \u2013 21:30<\/p>\n\n\n\n<p>2.11. <a href=\"https:\/\/www.evakovarova.cz\/?page_id=371\" data-type=\"URL\" data-id=\"https:\/\/www.evakovarova.cz\/?page_id=371\">HLAS 2. \u010cAKRY II<\/a> &#8211; zvuk emoc\u00ed, bolesti a pot\u011b\u0161en\u00ed 19 \u2013 21:30<\/p>\n\n\n\n<p>23.11. <mark style=\"background-color:rgba(0, 0, 0, 0)\" class=\"has-inline-color has-black-color\"><a href=\"https:\/\/www.yogafreaks.cz\/kurzy-a-workshopy\/\" data-type=\"URL\" data-id=\"https:\/\/www.yogafreaks.cz\/kurzy-a-workshopy\/\">J\u00d3GOV\u00c1 TERAPIE <\/a>&#8211; pro bedern\u00ed p\u00e1te\u0159 <\/mark>19 \u2013 21:15<\/p>\n\n\n\n<p>30.11. <a href=\"https:\/\/www.evakovarova.cz\/?page_id=371\" data-type=\"URL\" data-id=\"https:\/\/www.evakovarova.cz\/?page_id=371\">HLAS 3.\u010cAKRY<\/a> &#8211; zvuk sebev\u011bdom\u00ed a zdrav\u00e9 agrese 19 \u2013 21:30<\/p>\n\n\n\n<p>21.12. <a href=\"https:\/\/www.evakovarova.cz\/?page_id=371\" data-type=\"URL\" data-id=\"https:\/\/www.evakovarova.cz\/?page_id=371\">HLAS 4. \u010cAKRY<\/a> &#8211; zvuk srdce 19 \u2013 21:30<\/p>\n\n\n\n<hr class=\"wp-block-separator has-alpha-channel-opacity is-style-wide\"\/>\n\n\n\n<p class=\"has-text-align-left\"><mark style=\"background-color:rgba(0, 0, 0, 0)\" class=\"has-inline-color has-black-color\">semin\u00e1\u0159e<\/mark><mark style=\"background-color:rgba(0, 0, 0, 0);color:#bba716\" class=\"has-inline-color\"> <\/mark> VN\u00cdMEJ SV\u00c9 T\u011aLO Praha<\/p>\n\n\n\n<p>26.9.               19:30 &#8211; 21:15   <a href=\"http:\/\/vnimejsvetelo.cz\/kurzy-a-ostatni-akce\/workshopy\/jemna-joga-a-meditace-s-evou\/\" data-type=\"URL\" data-id=\"http:\/\/vnimejsvetelo.cz\/kurzy-a-ostatni-akce\/workshopy\/jemna-joga-a-meditace-s-evou\/\"> JEMN\u00c1 J\u00d3GA A MEDITACE<\/a> <\/p>\n\n\n\n<p>17.10.             19:30 &#8211; 21:15   <a href=\"http:\/\/vnimejsvetelo.cz\/kurzy-a-ostatni-akce\/workshopy\/jemna-joga-a-meditace-s-evou\/\" data-type=\"URL\" data-id=\"http:\/\/vnimejsvetelo.cz\/kurzy-a-ostatni-akce\/workshopy\/jemna-joga-a-meditace-s-evou\/\"> JEMN\u00c1 J\u00d3GA A MEDITACE<\/a><\/p>\n\n\n\n<p>14.11.             19:30 &#8211; 21:15    <a href=\"http:\/\/vnimejsvetelo.cz\/kurzy-a-ostatni-akce\/workshopy\/jemna-joga-a-meditace-s-evou\/\" data-type=\"URL\" data-id=\"http:\/\/vnimejsvetelo.cz\/kurzy-a-ostatni-akce\/workshopy\/jemna-joga-a-meditace-s-evou\/\">JEMN\u00c1 J\u00d3GA A MEDITACE<\/a><\/p>\n\n\n\n<hr class=\"wp-block-separator has-alpha-channel-opacity is-style-wide\"\/>\n\n\n\n<p>duben &#8211; listopad 2022 <a href=\"https:\/\/www.karmaskolajogy.cz\/skola-jogy-v-srdci-vinohrad\/skola-ajurvedy\/\" data-type=\"URL\" data-id=\"https:\/\/www.karmaskolajogy.cz\/skola-jogy-v-srdci-vinohrad\/skola-ajurvedy\/\"><strong>\u0160KOLA AJURV\u00c9DY<\/strong> <\/a><strong>Alchymie 5ti element\u016f<\/strong><\/p>\n\n\n\n<p>duben &#8211; listopad 2023 <a href=\"https:\/\/www.karmaskolajogy.cz\/skola-jogy-v-srdci-vinohrad\/skola-ajurvedy\/\" data-type=\"URL\" data-id=\"https:\/\/www.karmaskolajogy.cz\/skola-jogy-v-srdci-vinohrad\/skola-ajurvedy\/\"><strong>\u0160KOLA AJURV\u00c9DY<\/strong> <\/a><strong>Alchymie 5ti element\u016f<\/strong> v p\u0159\u00edprav\u011b<\/p>\n","protected":false},"excerpt":{"rendered":"<p>ONLINE 22. 9. AJURV\u00c9DSK\u00dd KRUH strava i emoce 18:30 &#8211; 20:30 22.9. &#8211; 15.12. AJURV\u00c9DSK\u00dd KRUH strava i emoce 18:30 &#8211; 20:30 13.9. &#8211; 13.12. J\u00d3GOV\u00c1 TERAPIE a meditace 10:00 &#8211; 11:15 OSOBN\u00cd SETK\u00c1N\u00cd pravideln\u00e9 lekce j\u00f3gy v YOGA FREAKS Brno 6.9.- 20.12. 19:00 &#8211; 20:15 J\u00d3GA FLOW TERAPIE &#8211; [&hellip;]<\/p>\n","protected":false},"author":1,"featured_media":0,"parent":0,"menu_order":0,"comment_status":"closed","ping_status":"closed","template":"","meta":{"footnotes":""},"class_list":["post-28","page","type-page","status-publish","hentry"],"_links":{"self":[{"href":"https:\/\/www.evakovarova.cz\/index.php?rest_route=\/wp\/v2\/pages\/28","targetHints":{"allow":["GET"]}}],"collection":[{"href":"https:\/\/www.evakovarova.cz\/index.php?rest_route=\/wp\/v2\/pages"}],"about":[{"href":"https:\/\/www.evakovarova.cz\/index.php?rest_route=\/wp\/v2\/types\/page"}],"author":[{"embeddable":true,"href":"https:\/\/www.evakovarova.cz\/index.php?rest_route=\/wp\/v2\/users\/1"}],"replies":[{"embeddable":true,"href":"https:\/\/www.evakovarova.cz\/index.php?rest_route=%2Fwp%2Fv2%2Fcomments&post=28"}],"version-history":[{"count":22,"href":"https:\/\/www.evakovarova.cz\/index.php?rest_route=\/wp\/v2\/pages\/28\/revisions"}],"predecessor-version":[{"id":383,"href":"https:\/\/www.evakovarova.cz\/index.php?rest_route=\/wp\/v2\/pages\/28\/revisions\/383"}],"wp:attachment":[{"href":"https:\/\/www.evakovarova.cz\/index.php?rest_route=%2Fwp%2Fv2%2Fmedia&parent=28"}],"curies":[{"name":"wp","href":"https:\/\/api.w.org\/{rel}","templated":true}]}}