{"id":20,"date":"2022-08-23T15:36:52","date_gmt":"2022-08-23T13:36:52","guid":{"rendered":"https:\/\/www.evakovarova.cz\/?page_id=20"},"modified":"2022-09-04T14:26:07","modified_gmt":"2022-09-04T12:26:07","slug":"o-me","status":"publish","type":"page","link":"https:\/\/www.evakovarova.cz\/?page_id=20","title":{"rendered":"O m\u011b"},"content":{"rendered":"\n<figure class=\"wp-block-image size-large is-resized\"><img loading=\"lazy\" decoding=\"async\" src=\"https:\/\/www.evakovarova.cz\/wp-content\/uploads\/2022\/08\/IMG_1928-1024x683.jpg\" alt=\"\" class=\"wp-image-21\" width=\"645\" height=\"430\" srcset=\"https:\/\/www.evakovarova.cz\/wp-content\/uploads\/2022\/08\/IMG_1928-1024x683.jpg 1024w, https:\/\/www.evakovarova.cz\/wp-content\/uploads\/2022\/08\/IMG_1928-300x200.jpg 300w, https:\/\/www.evakovarova.cz\/wp-content\/uploads\/2022\/08\/IMG_1928-768x512.jpg 768w, https:\/\/www.evakovarova.cz\/wp-content\/uploads\/2022\/08\/IMG_1928-1536x1024.jpg 1536w, https:\/\/www.evakovarova.cz\/wp-content\/uploads\/2022\/08\/IMG_1928-2048x1365.jpg 2048w, https:\/\/www.evakovarova.cz\/wp-content\/uploads\/2022\/08\/IMG_1928-1200x800.jpg 1200w, https:\/\/www.evakovarova.cz\/wp-content\/uploads\/2022\/08\/IMG_1928-1980x1320.jpg 1980w\" sizes=\"auto, (max-width: 645px) 100vw, 645px\" \/><\/figure>\n\n\n\n<blockquote class=\"wp-block-quote has-text-align-left is-layout-flow wp-block-quote-is-layout-flow\"><p>Ahoj, jsem Eva<\/p><p>a podporuji n\u00e1s, \u017eeny , ve spojen\u00ed se se sv\u00fdm bo\u017esk\u00fdm t\u011blem, V SEBE-P\u00c9\u010cI, <\/p><p>SEBE &#8211; V\u011aDOM\u00cd a ZDRAV\u00cd via<\/p><p>3 v\u00e9dsk\u00e9 sestry <mark style=\"background-color:rgba(0, 0, 0, 0);color:#e1b046\" class=\"has-inline-color\">J\u00d3GU, AJURV\u00c9<\/mark><mark style=\"background-color:rgba(0, 0, 0, 0);color:#e2b045\" class=\"has-inline-color\">DU, TANTRU<strong> <\/strong><\/mark>i osobn\u00ed p\u0159\u00edb\u011bh.<\/p><cite><strong><em>&#8222;Co nese\u0161 v sob\u011b, to p\u0159itahuje\u0161. A jsi to ty, kdo m\u016f\u017ee za\u010d\u00edt tuto dobrodru\u017enou zm\u011bnu&#8220;<\/em><\/strong><\/cite><\/blockquote>\n\n\n\n<ul class=\"has-normal-font-size wp-block-list\"><li>J\u00d3GA m\u011b u\u010d\u00ed st\u00e1hnout se pozornost\u00ed do sv\u00e9ho chr\u00e1mu a cestovat klidnou pozornost\u00ed po t\u011ble bez z\u00e1jmu o vn\u011bj\u0161\u00ed sv\u011bt<\/li><li>AJURV\u00c9DA mi pomohla rozpoznat sv\u00e9 siln\u00e9 str\u00e1nky &#8211; dary, kter\u00e9 jsem za\u010dala s radost\u00ed \u017e\u00edt a slab\u00e9 str\u00e1nky, o kter\u00e9 je t\u0159eba pe\u010dovat, aby nevznikla nemoc<\/li><li>TANTRA m\u011b u\u010d\u00ed propojovat sv\u016fj vnit\u0159n\u00ed sv\u011bt s vn\u011bj\u0161\u00edm a uv\u011bdomovat si, \u017ee:                 <mark style=\"background-color:rgba(0, 0, 0, 0);color:#d8973b\" class=\"has-inline-color\">Ty jsi J\u00e1 a J\u00e1 jsem Ty <\/mark><\/li><\/ul>\n\n\n\n<hr class=\"wp-block-separator has-alpha-channel-opacity is-style-wide\"\/>\n\n\n\n<p><strong>Vzd\u011bl\u00e1n\u00ed chronologicky<\/strong><mark style=\"background-color:rgba(0, 0, 0, 0);color:#e2ad3b\" class=\"has-inline-color\"> <strong><a href=\"https:\/\/www.evakovarova.cz\/?page_id=24\" data-type=\"page\" data-id=\"24\">ZDE<\/a><\/strong><\/mark><\/p>\n\n\n\n<hr class=\"wp-block-separator has-alpha-channel-opacity is-style-wide\"\/>\n\n\n\n<p><strong>V\u00edce o m\u00e9m \u017eivotn\u00edm p\u0159\u00edb\u011bhu<\/strong><\/p>\n\n\n\n<ul class=\"wp-block-list\"><li>Vyrostla jsem na vesnici mezi kluky jako \u201ejeden z&nbsp;nich\u201c a \u017eeny vn\u00edmala jako konkurenci<\/li><li>Uplat\u0148ovala jsem siln\u011b vyvinut\u00fd mu\u017esk\u00fd princip ve v\u00fdkonnostn\u00edch sportech jako triatlon, atletika, estetick\u00fd beach volejbal, a cht\u011bla b\u00fdt v\u017edy nejlep\u0161\u00ed<\/li><li>Po vysok\u00e9 \u0161kole pedagogick\u00e9 se specializac\u00ed na u\u010ditelstv\u00ed t\u011blocviku a biologie jsem p\u0159idala pracovn\u00ed kari\u00e9ru prodejce fitness p\u0159\u00edstroj\u016f a nad\u0161en\u011b a \u00fasp\u011b\u0161n\u011b pracovala daleko p\u0159es pracovn\u00ed dobu t\u00e9m\u011b\u0159 8 let<\/li><\/ul>\n\n\n\n<p><\/p>\n\n\n\n<ul class=\"wp-block-list\"><li>\u201e<strong>Na\u0161t\u011bst\u00ed m\u011b zastavil v\u00fdh\u0159ez meziobratlov\u00e9 plot\u00e9nky, kter\u00fd m\u011b vy\u0159adil z&nbsp;pohybu a znemo\u017enil v\u0161echny sporty i sezen\u00ed dlouh\u00fdch hodin na pracovn\u00ed \u017eidli<\/strong>. <strong>Tehdy jsem rok doslova \u0161oupala nohama<\/strong>&#8222;<\/li><\/ul>\n\n\n\n<p><\/p>\n\n\n\n<ul class=\"wp-block-list\"><li>Toto zastaven\u00ed m\u011b vedlo ke komunikaci se sv\u00fdm t\u011blem i \u017eivotn\u00edm ot\u00e1zk\u00e1m smyslu dosp\u011blosti: &#8222;<strong>Kam se pod\u011bla m\u00e1 radost??&#8220; Co je to vlastn\u011b dosp\u011blost?<\/strong> <\/li><\/ul>\n\n\n\n<p><strong>Z HLAVY DO T\u011aLA <\/strong><\/p>\n\n\n\n<p><strong>aneb pozn\u00e1v\u00e1n\u00ed \u017eensk\u00e9ho principu<\/strong><\/p>\n\n\n\n<ul class=\"wp-block-list\"><li>N\u00e1sledovalo nad\u0161en\u00e9 studium lidsk\u00e9ho t\u011bla ze v\u0161ech zdravotn\u00edch \u00fahl\u016f pohledu, kter\u00e9 trv\u00e1 14 let. Jeden j\u00f3gov\u00fd i zdravotn\u00ed pohybov\u00fd kurz za druh\u00fdm, studium psychosomatiky, stravy, pr\u00e1ce s&nbsp;emocemi, a milovan\u00e1 ajurv\u00e9da, kter\u00e1 mi srdce otev\u00edr\u00e1, kdykoliv ji studuji. Tak\u00e9 mi velice pomohla tantra v pod\u00e1n\u00ed Komala Lyra, kter\u00e1 mi kone\u010dn\u011b dodala chyb\u011bj\u00edc\u00ed radost, \u0161\u0165\u00e1vu a kreativitu a poznala jsem obrovskou s\u00edlu \u017eensk\u00e9ho kruhu.  <a href=\"https:\/\/www.komalalyra.com\/\">Komala Lyra<\/a>, tantri\u010dka, um\u011blkyni a doktorka ajurv\u00e9dy, tane\u010dnice, d\u00e1kin\u00ed velmi siln\u011b ovliv\u0148uje mou dosavadn\u00ed pr\u00e1ci s \u017eensk\u00fdmi skupinami a jsem ji velice vd\u011b\u010dn\u00e1 za jej\u00ed p\u0159et\u00e9kaj\u00edc\u00ed kreativitu <\/li><li>P\u0159i\u0161la jsem na kouzlo meditace a pr\u00e1ce s pozornost\u00ed. Z hloubky sv\u00e9 du\u0161e d\u011bkuji za st\u00e1le trvaj\u00edc\u00ed inspiraci <a href=\"http:\/\/www.onenesscentrum.cz\" data-type=\"URL\" data-id=\"www.onenesscentrum.cz\">www.onenesscentrum.cz<\/a> na Rusav\u011b<\/li><\/ul>\n\n\n\n<p><\/p>\n\n\n\n<ul class=\"wp-block-list\"><li>&nbsp;Z&nbsp;v\u00fdkonnostn\u00edho sportovce a \u00fasp\u011b\u0161n\u00e9ho prodejce jsem se p\u0159evl\u00e9kla do pohodln\u00e9ho \u201edress codu\u201c j\u00f3gov\u00e9 lektorky, doslova p\u0159e\u0161la na druh\u00fd b\u0159eh \u0159eky Vltavy, do studia <a href=\"http:\/\/www.vnimejsvetelo.cz\" data-type=\"URL\" data-id=\"www.vnimejsvetelo.cz\">Vn\u00edmej sv\u00e9 t\u011blo<\/a>, kter\u00e9 bylo m\u00fdm domovem 12 let<\/li><li>Ne\u00fasp\u011b\u0161n\u00e9 a nevy\u017eivuj\u00edc\u00ed partnersk\u00e9 vztahy mi pomohly uvid\u011bt, jak m\u00e1lo se m\u00e1m r\u00e1da a kolik jsem schopna pro l\u00e1sku od druh\u00e9ho protr\u00e1pit. Dok\u00e1zala jsem se zcela vy\u010derpat z&nbsp;emoc\u00ed i pr\u00e1ce, z&nbsp;pocitu samoty. A tady, cca v 35ti letech jsem za\u010dala hledat svou vnit\u0159n\u00ed s\u00edlu, sv\u00e9 \u017eensk\u00e9 kvality, zkoumala sebe-l\u00e1sku, hledala ztracenou d\u011btskou radost. A na\u0161la. D\u00edky hluboce transforma\u010dn\u00edm kurz\u016fm Komala Lyra a dal\u0161\u00edm u\u010ditel\u016fm, jsem opravdu l\u00e1sku k&nbsp;sob\u011b a radost op\u011bt za\u010dala pro\u017e\u00edvat, a to se projevilo i skrze napl\u0148uj\u00edc\u00ed partnersk\u00fd \u017eivot. Z hlavy do t\u011bla je cesta, kter\u00e1 m\u011b v\u017edy vr\u00e1t\u00ed k sob\u011b.<\/li><\/ul>\n\n\n\n<p class=\"has-text-align-center\">&#8222;<strong>Tehdy jsem poznala svou vnit\u0159n\u00ed \u017eenu a za\u010dala naslouchat jej\u00edm pot\u0159eb\u00e1m a p\u0159\u00e1n\u00edm. Do t\u00e9 doby jsem konala ve vztaz\u00edch p\u0159ev\u00e1\u017en\u011b z mu\u017esk\u00e9ho principu a proto jsem v nich nebyla spokojen\u00e1&#8220;<\/strong><\/p>\n\n\n\n<p><\/p>\n\n\n\n<ul class=\"wp-block-list\"><li>Splnila jsem sv\u00e9 vnit\u0159n\u00ed \u017een\u011b sen, projevovat to, co opravdu c\u00edt\u00edm skrze hlasov\u00fd projev \u2013 d\u00edky \u00fa\u017easn\u00e9 a laskav\u00e9 <a href=\"https:\/\/www.komalaamorim.cz\/o-komale-amorim\/\" data-type=\"URL\" data-id=\"https:\/\/www.komalaamorim.cz\/o-komale-amorim\/\">Komala de Amorim<\/a>, v\u00a0projektu Odhalen\u00fd hlas, kter\u00fd mi poskytnul pracovat kreativn\u011b s emocemi i traumaty a tak\u00e9 poc\u00edtit skrze vlastn\u00ed hlas hlubok\u00fd soucit a l\u00e1sku k sob\u011b sam\u00e9<\/li><li>N\u00e1stroj\u016f, se kter\u00fdmi si hraji, a kter\u00e9 s v\u00e1mi sd\u00edl\u00edm, je mnoho. Maj\u00ed v\u0161ak jedno spole\u010dn\u00e9:<\/li><\/ul>\n\n\n\n<p><\/p>\n\n\n\n<p class=\"has-text-align-center\"><mark style=\"background-color:rgba(0, 0, 0, 0);color:#b3971c\" class=\"has-inline-color\">SESTUP Z MYSLI DO SV\u00c9HO \u017dIV\u00c9HO T\u011aLA, VN\u00cdMEJ CO TE\u010e JE, A DOVOL SI VYJ\u00c1D\u0158IT JEHO OPRAVDOV\u00c9 POT\u0158EBY, EMOCE, TOUHY<\/mark><\/p>\n\n\n\n<p class=\"has-text-align-center\"><mark style=\"background-color:rgba(0, 0, 0, 0);color:#b49a3c\" class=\"has-inline-color\">BU\u010e \u017dIV\u00c1<\/mark><\/p>\n","protected":false},"excerpt":{"rendered":"<p>Ahoj, jsem Eva a podporuji n\u00e1s, \u017eeny , ve spojen\u00ed se se sv\u00fdm bo\u017esk\u00fdm t\u011blem, V SEBE-P\u00c9\u010cI, SEBE &#8211; V\u011aDOM\u00cd a ZDRAV\u00cd via 3 v\u00e9dsk\u00e9 sestry J\u00d3GU, AJURV\u00c9DU, TANTRU i osobn\u00ed p\u0159\u00edb\u011bh. &#8222;Co nese\u0161 v sob\u011b, to p\u0159itahuje\u0161. A jsi to ty, kdo m\u016f\u017ee za\u010d\u00edt tuto dobrodru\u017enou zm\u011bnu&#8220; J\u00d3GA m\u011b [&hellip;]<\/p>\n","protected":false},"author":1,"featured_media":0,"parent":0,"menu_order":0,"comment_status":"closed","ping_status":"closed","template":"","meta":{"footnotes":""},"class_list":["post-20","page","type-page","status-publish","hentry"],"_links":{"self":[{"href":"https:\/\/www.evakovarova.cz\/index.php?rest_route=\/wp\/v2\/pages\/20","targetHints":{"allow":["GET"]}}],"collection":[{"href":"https:\/\/www.evakovarova.cz\/index.php?rest_route=\/wp\/v2\/pages"}],"about":[{"href":"https:\/\/www.evakovarova.cz\/index.php?rest_route=\/wp\/v2\/types\/page"}],"author":[{"embeddable":true,"href":"https:\/\/www.evakovarova.cz\/index.php?rest_route=\/wp\/v2\/users\/1"}],"replies":[{"embeddable":true,"href":"https:\/\/www.evakovarova.cz\/index.php?rest_route=%2Fwp%2Fv2%2Fcomments&post=20"}],"version-history":[{"count":9,"href":"https:\/\/www.evakovarova.cz\/index.php?rest_route=\/wp\/v2\/pages\/20\/revisions"}],"predecessor-version":[{"id":573,"href":"https:\/\/www.evakovarova.cz\/index.php?rest_route=\/wp\/v2\/pages\/20\/revisions\/573"}],"wp:attachment":[{"href":"https:\/\/www.evakovarova.cz\/index.php?rest_route=%2Fwp%2Fv2%2Fmedia&parent=20"}],"curies":[{"name":"wp","href":"https:\/\/api.w.org\/{rel}","templated":true}]}}